{"id":8,"date":"2019-11-16T19:52:01","date_gmt":"2019-11-16T21:52:01","guid":{"rendered":"http:\/\/localhost:8888\/aurasystem\/?page_id=8"},"modified":"2021-08-18T11:05:16","modified_gmt":"2021-08-18T14:05:16","slug":"thermal-break","status":"publish","type":"page","link":"https:\/\/www.aurasystem.com.br\/en\/thermal-break\/","title":{"rendered":"THERMAL BREAK: BOOST THE VALUE OF YOUR PROJECT AND THE ENVIRONMENT IN WHICH YOU LIVE"},"content":{"rendered":"\n<p class=\"has-text-align-left\">For a big company, investments in products and projects that minimize the energy consumption and save natural resources is a fundamental attitude and meets current standards and requirements of civil construction. Aware of its responsibility in relation to sustainability and always attentive to market trends, TERA Metais brought Thermal Break to Brazil: technology that separates the external face (subject to heat radiation and low temperatures) from the internal face through a polyamide profile &#8211; material with low thermal conduction and high mechanical resistance, creating the so-called thermal separation, which is similar to the one found in insulated glass and provides less energy consumption with incomparable comfort. Innovation has become an important part of the AURA System doors, windows and facades portfolio.<\/p>\n\n\n\n<div class=\"wp-block-group\"><div class=\"wp-block-group__inner-container is-layout-flow wp-block-group-is-layout-flow\">\n<h2 class=\"has-text-align-center subtitle-style wp-block-heading\">ENERGY EFFICIENCY, ENRICHMENT ASSURED<\/h2>\n\n\n\n<p>In facades of the most modern and sustainable high-end real estate developments in Brazil, the use of frame systems with components that increase thermal and photo energetic performance is already a reality. The results of this technology are clear: less energy consumption and properties with increased value for sale or rental.<\/p>\n<\/div><\/div>\n\n\n\n<div class=\"wp-block-group\"><div class=\"wp-block-group__inner-container is-layout-flow wp-block-group-is-layout-flow\">\n<h2 class=\"has-text-align-center subtitle-style wp-block-heading\">SUSTAINABILITY AND SOPHISTICATION: YOUR PROJECT AND THE ENVIRONMENT THANK YOU<\/h2>\n\n\n\n<p>Aluminum and Polyamide, the materials used in the manufacture of AURA System thermal insulated profiles, are 100% recyclable. This characteristic, combined with the comfort provided by the blocking of the external temperature inside the environments, brings to the project an indisputable quality: to be connected to a world in which to be sustainable is to be naturally sophisticated.<\/p>\n<\/div><\/div>\n\n\n\n<div class=\"wp-block-group\"><div class=\"wp-block-group__inner-container is-layout-flow wp-block-group-is-layout-flow\">\n<h2 class=\"has-text-align-center subtitle-style wp-block-heading\">SOLUTIONS ACCORDING TO THE CUSTOMER&#8217;S NEED<\/h2>\n\n\n\n<p>From large buildings to residences, from real estate developments with several towers to country houses. Regardless of the size of the project, AURA System customers receive the same care, excellence and efficiency. Quality that is seen in all stages of our work and also in the service provided by our partners.<\/p>\n<\/div><\/div>\n","protected":false},"excerpt":{"rendered":"<p>For a big company, investments in products and projects that minimize the energy consumption and save natural resources is a fundamental attitude and meets current standards and requirements of civil construction. Aware of its responsibility in relation to sustainability and always attentive to market trends, TERA Metais brought Thermal Break to Brazil: technology that separates [&hellip;]<\/p>\n","protected":false},"author":1,"featured_media":0,"parent":0,"menu_order":9,"comment_status":"closed","ping_status":"closed","template":"","meta":{"footnotes":""},"class_list":["post-8","page","type-page","status-publish","hentry"],"yoast_head":"<!-- This site is optimized with the Yoast SEO plugin v27.2 - https:\/\/yoast.com\/product\/yoast-seo-wordpress\/ -->\n<title>Thermal Break - AURA System<\/title>\n<meta name=\"description\" content=\"Tecnologia que separa a face externa da face interna, os materiais utilizados na fabrica\u00e7\u00e3o dos perfis Aura System com Thermal Break, s\u00e3o 100% recicl\u00e1veis.\" \/>\n<meta name=\"robots\" content=\"index, follow, max-snippet:-1, max-image-preview:large, max-video-preview:-1\" \/>\n<link rel=\"canonical\" href=\"https:\/\/www.aurasystem.com.br\/en\/thermal-break\/\" \/>\n<meta property=\"og:locale\" content=\"en_US\" \/>\n<meta property=\"og:locale:alternate\" content=\"pt_BR\" \/>\n<meta property=\"og:type\" content=\"article\" \/>\n<meta property=\"og:title\" content=\"Thermal Break - AURA System\" \/>\n<meta property=\"og:description\" content=\"Tecnologia que separa a face externa da face interna, os materiais utilizados na fabrica\u00e7\u00e3o dos perfis Aura System com Thermal Break, s\u00e3o 100% recicl\u00e1veis.\" \/>\n<meta property=\"og:url\" content=\"https:\/\/www.aurasystem.com.br\/en\/thermal-break\/\" \/>\n<meta property=\"og:site_name\" content=\"AURA System\" \/>\n<meta property=\"article:modified_time\" content=\"2021-08-18T14:05:16+00:00\" \/>\n<meta name=\"twitter:card\" content=\"summary_large_image\" \/>\n<meta name=\"twitter:label1\" content=\"Est. reading time\" \/>\n\t<meta name=\"twitter:data1\" content=\"2 minutes\" \/>\n<script type=\"application\/ld+json\" class=\"yoast-schema-graph\">{\"@context\":\"https:\/\/schema.org\",\"@graph\":[{\"@type\":\"WebPage\",\"@id\":\"https:\/\/www.aurasystem.com.br\/thermal-break\/\",\"url\":\"https:\/\/www.aurasystem.com.br\/thermal-break\/\",\"name\":\"Thermal Break - AURA System\",\"isPartOf\":{\"@id\":\"https:\/\/www.aurasystem.com.br\/#website\"},\"datePublished\":\"2019-11-16T21:52:01+00:00\",\"dateModified\":\"2021-08-18T14:05:16+00:00\",\"description\":\"Tecnologia que separa a face externa da face interna, os materiais utilizados na fabrica\u00e7\u00e3o dos perfis Aura System com Thermal Break, s\u00e3o 100% recicl\u00e1veis.\",\"breadcrumb\":{\"@id\":\"https:\/\/www.aurasystem.com.br\/thermal-break\/#breadcrumb\"},\"inLanguage\":\"en-US\",\"potentialAction\":[{\"@type\":\"ReadAction\",\"target\":[\"https:\/\/www.aurasystem.com.br\/thermal-break\/\"]}]},{\"@type\":\"BreadcrumbList\",\"@id\":\"https:\/\/www.aurasystem.com.br\/thermal-break\/#breadcrumb\",\"itemListElement\":[{\"@type\":\"ListItem\",\"position\":1,\"name\":\"In\u00edcio\",\"item\":\"https:\/\/www.aurasystem.com.br\/\"},{\"@type\":\"ListItem\",\"position\":2,\"name\":\"Thermal Break: Valorize o seu projeto e o ambiente em que voc\u00ea vive\"}]},{\"@type\":\"WebSite\",\"@id\":\"https:\/\/www.aurasystem.com.br\/#website\",\"url\":\"https:\/\/www.aurasystem.com.br\/\",\"name\":\"AURA System\",\"description\":\"\",\"potentialAction\":[{\"@type\":\"SearchAction\",\"target\":{\"@type\":\"EntryPoint\",\"urlTemplate\":\"https:\/\/www.aurasystem.com.br\/?s={search_term_string}\"},\"query-input\":{\"@type\":\"PropertyValueSpecification\",\"valueRequired\":true,\"valueName\":\"search_term_string\"}}],\"inLanguage\":\"en-US\"}]}<\/script>\n<!-- \/ Yoast SEO plugin. -->","yoast_head_json":{"title":"Thermal Break - AURA System","description":"Tecnologia que separa a face externa da face interna, os materiais utilizados na fabrica\u00e7\u00e3o dos perfis Aura System com Thermal Break, s\u00e3o 100% recicl\u00e1veis.","robots":{"index":"index","follow":"follow","max-snippet":"max-snippet:-1","max-image-preview":"max-image-preview:large","max-video-preview":"max-video-preview:-1"},"canonical":"https:\/\/www.aurasystem.com.br\/en\/thermal-break\/","og_locale":"en_US","og_type":"article","og_title":"Thermal Break - AURA System","og_description":"Tecnologia que separa a face externa da face interna, os materiais utilizados na fabrica\u00e7\u00e3o dos perfis Aura System com Thermal Break, s\u00e3o 100% recicl\u00e1veis.","og_url":"https:\/\/www.aurasystem.com.br\/en\/thermal-break\/","og_site_name":"AURA System","article_modified_time":"2021-08-18T14:05:16+00:00","twitter_card":"summary_large_image","twitter_misc":{"Est. reading time":"2 minutes"},"schema":{"@context":"https:\/\/schema.org","@graph":[{"@type":"WebPage","@id":"https:\/\/www.aurasystem.com.br\/thermal-break\/","url":"https:\/\/www.aurasystem.com.br\/thermal-break\/","name":"Thermal Break - AURA System","isPartOf":{"@id":"https:\/\/www.aurasystem.com.br\/#website"},"datePublished":"2019-11-16T21:52:01+00:00","dateModified":"2021-08-18T14:05:16+00:00","description":"Tecnologia que separa a face externa da face interna, os materiais utilizados na fabrica\u00e7\u00e3o dos perfis Aura System com Thermal Break, s\u00e3o 100% recicl\u00e1veis.","breadcrumb":{"@id":"https:\/\/www.aurasystem.com.br\/thermal-break\/#breadcrumb"},"inLanguage":"en-US","potentialAction":[{"@type":"ReadAction","target":["https:\/\/www.aurasystem.com.br\/thermal-break\/"]}]},{"@type":"BreadcrumbList","@id":"https:\/\/www.aurasystem.com.br\/thermal-break\/#breadcrumb","itemListElement":[{"@type":"ListItem","position":1,"name":"In\u00edcio","item":"https:\/\/www.aurasystem.com.br\/"},{"@type":"ListItem","position":2,"name":"Thermal Break: Valorize o seu projeto e o ambiente em que voc\u00ea vive"}]},{"@type":"WebSite","@id":"https:\/\/www.aurasystem.com.br\/#website","url":"https:\/\/www.aurasystem.com.br\/","name":"AURA System","description":"","potentialAction":[{"@type":"SearchAction","target":{"@type":"EntryPoint","urlTemplate":"https:\/\/www.aurasystem.com.br\/?s={search_term_string}"},"query-input":{"@type":"PropertyValueSpecification","valueRequired":true,"valueName":"search_term_string"}}],"inLanguage":"en-US"}]}},"_links":{"self":[{"href":"https:\/\/www.aurasystem.com.br\/en\/wp-json\/wp\/v2\/pages\/8","targetHints":{"allow":["GET"]}}],"collection":[{"href":"https:\/\/www.aurasystem.com.br\/en\/wp-json\/wp\/v2\/pages"}],"about":[{"href":"https:\/\/www.aurasystem.com.br\/en\/wp-json\/wp\/v2\/types\/page"}],"author":[{"embeddable":true,"href":"https:\/\/www.aurasystem.com.br\/en\/wp-json\/wp\/v2\/users\/1"}],"replies":[{"embeddable":true,"href":"https:\/\/www.aurasystem.com.br\/en\/wp-json\/wp\/v2\/comments?post=8"}],"version-history":[{"count":35,"href":"https:\/\/www.aurasystem.com.br\/en\/wp-json\/wp\/v2\/pages\/8\/revisions"}],"predecessor-version":[{"id":1513,"href":"https:\/\/www.aurasystem.com.br\/en\/wp-json\/wp\/v2\/pages\/8\/revisions\/1513"}],"wp:attachment":[{"href":"https:\/\/www.aurasystem.com.br\/en\/wp-json\/wp\/v2\/media?parent=8"}],"curies":[{"name":"wp","href":"https:\/\/api.w.org\/{rel}","templated":true}]}}